{"id":3,"date":"2023-12-27T06:08:09","date_gmt":"2023-12-27T06:08:09","guid":{"rendered":"http:\/\/academianava.com\/?page_id=3"},"modified":"2024-01-03T05:16:21","modified_gmt":"2024-01-03T05:16:21","slug":"politica-privacidad","status":"publish","type":"page","link":"https:\/\/academianava.com\/index.php\/politica-privacidad\/","title":{"rendered":"Pol\u00edtica de privacidad de la Academia de M\u00fasica Nava (AMNA)"},"content":{"rendered":"\t\t<div data-elementor-type=\"wp-page\" data-elementor-id=\"3\" class=\"elementor elementor-3\" data-elementor-post-type=\"page\">\n\t\t\t\t<div class=\"elementor-element elementor-element-489bc6d6 e-flex e-con-boxed e-con e-parent\" data-id=\"489bc6d6\" data-element_type=\"container\">\n\t\t\t\t\t<div class=\"e-con-inner\">\n\t\t\t\t<div class=\"elementor-element elementor-element-6223908d de_scroll_animation_no elementor-widget elementor-widget-text-editor\" data-id=\"6223908d\" data-element_type=\"widget\" data-widget_type=\"text-editor.default\">\n\t\t\t\t<div class=\"elementor-widget-container\">\n\t\t\t\t\t\t\t\t\t\n<h3 class=\"wp-block-heading\"><strong>1. Identificaci\u00f3n<\/strong><\/h3>\n\n<p>La direcci\u00f3n de nuestra web es: <a href=\"http:\/\/academianava.com\/\">http:\/\/academianava.com<\/a>.<\/p>\n\n<h3 class=\"wp-block-heading\"><strong>2. Comentarios<\/strong><\/h3>\n\n<p>Cuando los visitantes dejan comentarios en la web, recopilamos los datos que se muestran en el formulario de comentarios, la direcci\u00f3n IP del visitante y la cadena de agentes de usuario del navegador para ayudar a la detecci\u00f3n de spam.<\/p>\n\n<h3 class=\"wp-block-heading\"><strong>3. Medios<\/strong><\/h3>\n\n<p>Si subes im\u00e1genes a la web, deber\u00edas evitar subir im\u00e1genes con datos de ubicaci\u00f3n (GPS EXIF) incluidos. Los visitantes de la web pueden descargar y extraer cualquier dato de localizaci\u00f3n de las im\u00e1genes de la web.<\/p>\n\n<h3 class=\"wp-block-heading\"><strong>4. Cookies<\/strong><\/h3>\n\n<p>Si dejas un comentario en nuestro sitio, puedes optar por guardar tu nombre, direcci\u00f3n de correo electr\u00f3nico y sitio web en cookies. Estas son para tu comodidad y duran un a\u00f1o. Instalamos cookies temporales para determinar si tu navegador acepta cookies y varias cookies para guardar tu informaci\u00f3n de inicio de sesi\u00f3n y opciones de visualizaci\u00f3n de pantalla.<\/p>\n\n<h3 class=\"wp-block-heading\"><strong>5. Contenido Incrustado de Otros Sitios Web<\/strong><\/h3>\n\n<p>Los art\u00edculos en este sitio pueden incluir contenido incrustado (v\u00eddeos, im\u00e1genes, art\u00edculos, etc.) de otras web, que se comportan como si el visitante hubiera visitado la otra web.<\/p>\n\n<h3 class=\"wp-block-heading\"><strong>6. Compartir Datos<\/strong><\/h3>\n\n<p>Si solicitas un restablecimiento de contrase\u00f1a, tu direcci\u00f3n IP ser\u00e1 incluida en el correo electr\u00f3nico de restablecimiento.<\/p>\n\n<h3 class=\"wp-block-heading\"><strong>7. Conservaci\u00f3n de Datos<\/strong><\/h3>\n\n<p>Conservamos los comentarios y sus metadatos indefinidamente. De los usuarios que se registran en nuestra web, almacenamos la informaci\u00f3n personal que proporcionan en su perfil de usuario.<\/p>\n\n<h3 class=\"wp-block-heading\"><strong>8. Derechos sobre tus Datos<\/strong><\/h3>\n\n<p>Si tienes una cuenta o has dejado comentarios, puedes solicitar recibir un archivo de exportaci\u00f3n de tus datos personales o que eliminemos cualquier dato personal que tengamos sobre ti.<\/p>\n\n<h3 class=\"wp-block-heading\"><strong>9. D\u00f3nde se Env\u00edan tus Datos<\/strong><\/h3>\n\n<p>Los comentarios de los visitantes pueden ser revisados por un servicio de detecci\u00f3n autom\u00e1tica de spam.<\/p>\n\n<h3 class=\"wp-block-heading\"><strong>10. Informaci\u00f3n Adicional<\/strong><\/h3>\n\n<p>En AMNA, tomamos la privacidad de nuestros estudiantes y visitantes muy en serio y estamos comprometidos con la protecci\u00f3n de sus datos personales. Si tienes preguntas o inquietudes sobre c\u00f3mo manejamos la informaci\u00f3n, no dudes en contactarnos.<\/p>\n\t\t\t\t\t\t\t\t<\/div>\n\t\t\t\t<\/div>\n\t\t\t\t\t<\/div>\n\t\t\t\t<\/div>\n\t\t\t\t<\/div>\n\t\t","protected":false},"excerpt":{"rendered":"<p>1. Identificaci\u00f3n La direcci\u00f3n de nuestra web es: http:\/\/academianava.com. 2. Comentarios Cuando los visitantes dejan comentarios en la web, recopilamos los datos que se muestran en el formulario de comentarios, la direcci\u00f3n IP del visitante y la cadena de agentes de usuario del navegador para ayudar a la detecci\u00f3n de spam. 3. Medios Si subes [&hellip;]<\/p>\n","protected":false},"author":1,"featured_media":0,"parent":0,"menu_order":0,"comment_status":"closed","ping_status":"open","template":"","meta":{"footnotes":""},"class_list":["post-3","page","type-page","status-publish","hentry","entry"],"_links":{"self":[{"href":"https:\/\/academianava.com\/index.php\/wp-json\/wp\/v2\/pages\/3","targetHints":{"allow":["GET"]}}],"collection":[{"href":"https:\/\/academianava.com\/index.php\/wp-json\/wp\/v2\/pages"}],"about":[{"href":"https:\/\/academianava.com\/index.php\/wp-json\/wp\/v2\/types\/page"}],"author":[{"embeddable":true,"href":"https:\/\/academianava.com\/index.php\/wp-json\/wp\/v2\/users\/1"}],"replies":[{"embeddable":true,"href":"https:\/\/academianava.com\/index.php\/wp-json\/wp\/v2\/comments?post=3"}],"version-history":[{"count":5,"href":"https:\/\/academianava.com\/index.php\/wp-json\/wp\/v2\/pages\/3\/revisions"}],"predecessor-version":[{"id":848,"href":"https:\/\/academianava.com\/index.php\/wp-json\/wp\/v2\/pages\/3\/revisions\/848"}],"wp:attachment":[{"href":"https:\/\/academianava.com\/index.php\/wp-json\/wp\/v2\/media?parent=3"}],"curies":[{"name":"wp","href":"https:\/\/api.w.org\/{rel}","templated":true}]}}